{"id":2998,"date":"2023-05-08T11:28:45","date_gmt":"2023-05-08T11:28:45","guid":{"rendered":"https:\/\/ndk-robotics.fi\/integritetspolicy\/"},"modified":"2023-12-13T11:34:58","modified_gmt":"2023-12-13T11:34:58","slug":"tietosuojaseloste","status":"publish","type":"page","link":"https:\/\/ndk-robotics.fi\/fi\/tietosuojaseloste\/","title":{"rendered":"Tietosuojaseloste"},"content":{"rendered":"<style>.wp-block-kadence-advancedheading.kt-adv-heading2998_bbcafa-02, .wp-block-kadence-advancedheading.kt-adv-heading2998_bbcafa-02[data-kb-block=\"kb-adv-heading2998_bbcafa-02\"]{font-style:normal;}.wp-block-kadence-advancedheading.kt-adv-heading2998_bbcafa-02 mark, .wp-block-kadence-advancedheading.kt-adv-heading2998_bbcafa-02[data-kb-block=\"kb-adv-heading2998_bbcafa-02\"] mark{font-style:normal;color:#f76a0c;padding-top:0px;padding-right:0px;padding-bottom:0px;padding-left:0px;}<\/style>\n<h1 class=\"kt-adv-heading2998_bbcafa-02 wp-block-kadence-advancedheading has-theme-palette-3-color has-text-color\" data-kb-block=\"kb-adv-heading2998_bbcafa-02\">Tietosuojaseloste<\/h1>\n\n\n\n<ol>\n<li><strong>Rekisterinpit\u00e4j\u00e4<\/strong><\/li>\n<\/ol>\n\n\n\n<p>NDK Robotics Ab, osoitteessa Zinkv\u00e4gen 2<\/p>\n\n\n\n<p>68570 LARSMO, SUOMI<\/p>\n\n\n\n<ol start=\"2\">\n<li><strong>Rekisterin yhteyshenkil\u00f6<\/strong><\/li>\n<\/ol>\n\n\n\n<p>Daniel Kronqvist, s\u00e4hk\u00f6posti: info@ndksolutions.fi, puh. +358453284545<\/p>\n\n\n\n<ol start=\"3\">\n<li><strong>Rekisterin nimi<\/strong><\/li>\n<\/ol>\n\n\n\n<p>NDK Robotics Abn asiakasrekisteri<\/p>\n\n\n\n<ol start=\"4\">\n<li><strong>Henkil\u00f6tietojen k\u00e4ytt\u00f6tarkoitus ja peruste<\/strong><\/li>\n<\/ol>\n\n\n\n<p>Ker\u00e4\u00e4mme verkkosivustomme k\u00e4ytt\u00e4jist\u00e4 henkil\u00f6tietoja joitakin alla kuvattuja toimintoja k\u00e4ytett\u00e4ess\u00e4. K\u00e4ytt\u00e4m\u00e4ll\u00e4 verkkosivustoamme ja antamalla tietoja yhteydenottolomakkeiden kautta, hyv\u00e4ksyt tietosuojaselosteen.<\/p>\n\n\n\n<p>K\u00e4yt\u00e4mme ev\u00e4steit\u00e4 parantaaksemme k\u00e4ytt\u00f6kokemustasi, mutta voit halutessasi olla hyv\u00e4ksym\u00e4tt\u00e4 niit\u00e4. Jos et hyv\u00e4ksy ev\u00e4steit\u00e4, tietyt verkkosivuston toiminnot voivat olla rajoitetut.<\/p>\n\n\n\n<p>Yhteydenottolomakkeiden kautta ker\u00e4ttyj\u00e4 tietoja ei jaeta kolmansille osapuolille, vaan niit\u00e4 k\u00e4sittelee ainoastaan yrityksen vastuuhenkil\u00f6 sek\u00e4 valitut henkil\u00f6t markkinointi- ja asiakassuhteiden hallintaa varten. Heill\u00e4 on oikeus k\u00e4sitell\u00e4 ja tarvittaessa p\u00e4ivitt\u00e4\u00e4 jaettuja tietoja. K\u00e4yt\u00e4mme my\u00f6s Google reCAPTCHA:a robottien sp\u00e4mm\u00e4yksen est\u00e4miseksi.<\/p>\n\n\n\n<p>K\u00e4yt\u00e4mme HTTPS-yhteytt\u00e4 salaamaan tiedon, joka v\u00e4litet\u00e4\u00e4n verkkosivuston ja k\u00e4vij\u00e4n selaimen v\u00e4lill\u00e4. T\u00e4m\u00e4 varmistaa, ettei tietoa voi lukea luvattomasti.<\/p>\n\n\n\n<ol start=\"5\">\n<li><strong>Rekisterin sis\u00e4lt\u00f6<\/strong><\/li>\n<\/ol>\n\n\n\n<p>K\u00e4yt\u00e4mme Google Analyticsia ker\u00e4t\u00e4ksemme anonyymia tilastotietoa k\u00e4vij\u00f6ist\u00e4mme, mik\u00e4 ei sis\u00e4ll\u00e4 henkil\u00f6kohtaisesti tunnistettavia tietoja.<\/p>\n\n\n\n<p>Yhteydenottolomakkeiden kautta tallennamme k\u00e4ytt\u00e4j\u00e4n antamat tiedot, kuten nimen, osoitteen, puhelinnumeron ja s\u00e4hk\u00f6postiosoitteen. Tiedot tallennetaan yrityksen verkkosivustolle sek\u00e4 mahdollisesti yrityksen sis\u00e4iseen asiakasrekisteriin voimassa olevien henkil\u00f6tietojen k\u00e4sittely\u00e4 koskevien lakien mukaisesti<\/p>\n\n\n\n<ol start=\"6\">\n<li><strong>Tiedonl\u00e4hteet<\/strong><\/li>\n<\/ol>\n\n\n\n<p>Tietoja ker\u00e4t\u00e4\u00e4n my\u00f6s uutiskirjeiden tilauksen yhteydess\u00e4, yhteydenottopyynn\u00f6n j\u00e4lkeen, verkkopalveluiden k\u00e4yt\u00f6n yhteydess\u00e4 (esim. rekisterinpit\u00e4j\u00e4n verkkosivuilla ja sosiaalisessa mediassa) sek\u00e4 ev\u00e4steiden tai muiden asioiden k\u00e4sittelyn yhteydess\u00e4 tai tapahtumiin osallistumisen yhteydess\u00e4 saaduista tiedoista.<\/p>\n\n\n\n<p>Tietoja voidaan my\u00f6s p\u00e4ivitt\u00e4\u00e4 rekisterinpit\u00e4j\u00e4n muista henkil\u00f6rekistereist\u00e4, yhteisty\u00f6kumppaneiden henkil\u00f6rekistereist\u00e4 sek\u00e4 viranomaisilta ja muilta yrityksilt\u00e4, jos laki sen sallii.<\/p>\n\n\n\n<ol start=\"7\">\n<li><strong>Henkil\u00f6tietojen s\u00e4ilytt\u00e4minen<\/strong><\/li>\n<\/ol>\n\n\n\n<p>Henkil\u00f6tietoja s\u00e4ilytet\u00e4\u00e4n vain niin kauan kuin se on tarpeen t\u00e4m\u00e4n rekisterikuvauksessa m\u00e4\u00e4ritettyjen k\u00e4ytt\u00f6tarkoitusten toteuttamiseksi huomioiden laissa m\u00e4\u00e4ritetyt rajoitukset.&nbsp;<\/p>\n\n\n\n<p>Vanhentuneet ja tarpeettomat tiedot h\u00e4vitet\u00e4\u00e4n asianmukaisesti. Henkil\u00f6tiedot tallennetaan rekisteriin siin\u00e4 muodossa, jossa rekister\u00f6ity on ne antanut, ja niit\u00e4 p\u00e4ivitet\u00e4\u00e4n rekister\u00f6idyn ilmoituksen mukaisesti rekisterinpit\u00e4j\u00e4lle.<\/p>\n\n\n\n<ol start=\"8\">\n<li><strong>Rekister\u00f6idyn oikeudet<\/strong><\/li>\n<\/ol>\n\n\n\n<p>Sinulla on oikeus pyyt\u00e4\u00e4 selvitys siit\u00e4, mit\u00e4 tietoja meill\u00e4 on sinusta ja pyyt\u00e4\u00e4 n\u00e4iden tietojen poistamista.<\/p>\n\n\n\n<p>Teemme toimenpiteit\u00e4 varmistaaksemme, ett\u00e4 ker\u00e4tty tieto suojataan verkkosivustollamme ja ohjelmistomme p\u00e4ivitet\u00e4\u00e4n jatkuvasti tietoturvan varmistamiseksi. Vierailijan selaimen ja palvelimemme v\u00e4lill\u00e4 oleva liikenne salataan varmistaaksemme, ettei tieto p\u00e4\u00e4dy v\u00e4\u00e4riin k\u00e4siin.<\/p>\n\n\n\n<ol start=\"9\">\n<li><strong>K\u00e4ytt\u00e4j\u00e4n oikeudet<\/strong><\/li>\n<\/ol>\n\n\n\n<p>K\u00e4ytt\u00e4j\u00e4ll\u00e4 on t\u00e4ysi kontrolli tietoihinsa. T\u00e4m\u00e4 tarkoittaa, ett\u00e4 h\u00e4nell\u00e4 on milloin tahansa oikeus pyyt\u00e4\u00e4 selvitys siit\u00e4, mit\u00e4 tietoja meill\u00e4 on h\u00e4nest\u00e4 ja pyyt\u00e4\u00e4 n\u00e4iden tietojen poistamista.<\/p>\n\n\n\n<p>Jos haluat tehd\u00e4 jonkin edell\u00e4 mainituista pyynn\u00f6ist\u00e4, ota yhteytt\u00e4 rekisterinpit\u00e4j\u00e4\u00e4n.<\/p>\n\n\n\n<ol start=\"10\">\n<li><strong>N\u00e4in suojaamme tietojasi<\/strong><\/li>\n<\/ol>\n\n\n\n<p>Olemme toteuttaneet tarvittavat toimenpiteet varmistaaksemme, ett\u00e4 ker\u00e4tt\u00e4v\u00e4 tieto ei p\u00e4\u00e4dy v\u00e4\u00e4riin k\u00e4siin. Verkkosivustomme ohjelmisto p\u00e4ivitet\u00e4\u00e4n jatkuvasti korjaamaan ajan my\u00f6t\u00e4 ilmenevi\u00e4 turvallisuusongelmia. Liikenne k\u00e4vij\u00e4n selaimen ja palvelimemme v\u00e4lill\u00e4 on salattu.<\/p>\n","protected":false},"excerpt":{"rendered":"<p>Tietosuojaseloste NDK Robotics Ab, osoitteessa Zinkv\u00e4gen 2 68570 LARSMO, SUOMI Daniel Kronqvist, s\u00e4hk\u00f6posti: info@ndksolutions.fi, puh. +358453284545 NDK Robotics Abn asiakasrekisteri Ker\u00e4\u00e4mme verkkosivustomme k\u00e4ytt\u00e4jist\u00e4 henkil\u00f6tietoja joitakin alla kuvattuja toimintoja k\u00e4ytett\u00e4ess\u00e4. K\u00e4ytt\u00e4m\u00e4ll\u00e4 verkkosivustoamme ja antamalla tietoja yhteydenottolomakkeiden kautta, hyv\u00e4ksyt tietosuojaselosteen. K\u00e4yt\u00e4mme ev\u00e4steit\u00e4 parantaaksemme k\u00e4ytt\u00f6kokemustasi, mutta voit halutessasi olla hyv\u00e4ksym\u00e4tt\u00e4 niit\u00e4. Jos et hyv\u00e4ksy ev\u00e4steit\u00e4, tietyt verkkosivuston toiminnot&#8230;<\/p>\n","protected":false},"author":1,"featured_media":0,"parent":0,"menu_order":0,"comment_status":"closed","ping_status":"closed","template":"","meta":{"_kad_blocks_custom_css":"","_kad_blocks_head_custom_js":"","_kad_blocks_body_custom_js":"","_kad_blocks_footer_custom_js":"","_kad_post_transparent":"","_kad_post_title":"hide","_kad_post_layout":"normal","_kad_post_sidebar_id":"","_kad_post_content_style":"","_kad_post_vertical_padding":"","_kad_post_feature":"hide","_kad_post_feature_position":"","_kad_post_header":false,"_kad_post_footer":false,"footnotes":""},"yoast_head":"<!-- This site is optimized with the Yoast SEO plugin v21.0 - https:\/\/yoast.com\/wordpress\/plugins\/seo\/ -->\n<title>Tietosuojaseloste - NDK Robotics<\/title>\n<meta name=\"description\" content=\"Selaa tietosuojaselostettamme - Olemme sitoutuneet suojelemaan yksityisyytt\u00e4si. Lue, miten k\u00e4sittelemme tietojasi ja turvaamme ne.\" \/>\n<meta name=\"robots\" content=\"index, follow, max-snippet:-1, max-image-preview:large, max-video-preview:-1\" \/>\n<link rel=\"canonical\" href=\"https:\/\/ndk-robotics.fi\/fi\/tietosuojaseloste\/\" \/>\n<meta property=\"og:locale\" content=\"fi_FI\" \/>\n<meta property=\"og:type\" content=\"article\" \/>\n<meta property=\"og:title\" content=\"Tietosuojaseloste - NDK Robotics\" \/>\n<meta property=\"og:description\" content=\"Selaa tietosuojaselostettamme - Olemme sitoutuneet suojelemaan yksityisyytt\u00e4si. Lue, miten k\u00e4sittelemme tietojasi ja turvaamme ne.\" \/>\n<meta property=\"og:url\" content=\"https:\/\/ndk-robotics.fi\/fi\/tietosuojaseloste\/\" \/>\n<meta property=\"og:site_name\" content=\"NDK\" \/>\n<meta property=\"article:publisher\" content=\"https:\/\/www.facebook.com\/NDKSolutions\/\" \/>\n<meta property=\"article:modified_time\" content=\"2023-12-13T11:34:58+00:00\" \/>\n<meta name=\"twitter:card\" content=\"summary_large_image\" \/>\n<meta name=\"twitter:label1\" content=\"Arvioitu lukuaika\" \/>\n\t<meta name=\"twitter:data1\" content=\"2 minuuttia\" \/>\n<script type=\"application\/ld+json\" class=\"yoast-schema-graph\">{\"@context\":\"https:\/\/schema.org\",\"@graph\":[{\"@type\":\"WebPage\",\"@id\":\"https:\/\/ndk-robotics.fi\/fi\/tietosuojaseloste\/\",\"url\":\"https:\/\/ndk-robotics.fi\/fi\/tietosuojaseloste\/\",\"name\":\"Tietosuojaseloste - NDK Robotics\",\"isPartOf\":{\"@id\":\"https:\/\/ndk-robotics.fi\/#website\"},\"datePublished\":\"2023-05-08T11:28:45+00:00\",\"dateModified\":\"2023-12-13T11:34:58+00:00\",\"description\":\"Selaa tietosuojaselostettamme - Olemme sitoutuneet suojelemaan yksityisyytt\u00e4si. Lue, miten k\u00e4sittelemme tietojasi ja turvaamme ne.\",\"breadcrumb\":{\"@id\":\"https:\/\/ndk-robotics.fi\/fi\/tietosuojaseloste\/#breadcrumb\"},\"inLanguage\":\"fi\",\"potentialAction\":[{\"@type\":\"ReadAction\",\"target\":[\"https:\/\/ndk-robotics.fi\/fi\/tietosuojaseloste\/\"]}]},{\"@type\":\"BreadcrumbList\",\"@id\":\"https:\/\/ndk-robotics.fi\/fi\/tietosuojaseloste\/#breadcrumb\",\"itemListElement\":[{\"@type\":\"ListItem\",\"position\":1,\"name\":\"Etusivu\",\"item\":\"https:\/\/ndk-robotics.fi\/fi\/\"},{\"@type\":\"ListItem\",\"position\":2,\"name\":\"Tietosuojaseloste\"}]},{\"@type\":\"WebSite\",\"@id\":\"https:\/\/ndk-robotics.fi\/#website\",\"url\":\"https:\/\/ndk-robotics.fi\/\",\"name\":\"NDK Robotics\",\"description\":\"Robotar f\u00f6r industri och kontorst\u00e4dning\",\"publisher\":{\"@id\":\"https:\/\/ndk-robotics.fi\/#organization\"},\"potentialAction\":[{\"@type\":\"SearchAction\",\"target\":{\"@type\":\"EntryPoint\",\"urlTemplate\":\"https:\/\/ndk-robotics.fi\/?s={search_term_string}\"},\"query-input\":\"required name=search_term_string\"}],\"inLanguage\":\"fi\"},{\"@type\":\"Organization\",\"@id\":\"https:\/\/ndk-robotics.fi\/#organization\",\"name\":\"NDK Solutions Ab\",\"url\":\"https:\/\/ndk-robotics.fi\/\",\"logo\":{\"@type\":\"ImageObject\",\"inLanguage\":\"fi\",\"@id\":\"https:\/\/ndk-robotics.fi\/#\/schema\/logo\/image\/\",\"url\":\"https:\/\/ndk-robotics.fi\/wp-content\/uploads\/2023\/04\/NDK-robotics-logo-PRINT_Rityta-1-01.png\",\"contentUrl\":\"https:\/\/ndk-robotics.fi\/wp-content\/uploads\/2023\/04\/NDK-robotics-logo-PRINT_Rityta-1-01.png\",\"width\":3438,\"height\":1973,\"caption\":\"NDK Solutions Ab\"},\"image\":{\"@id\":\"https:\/\/ndk-robotics.fi\/#\/schema\/logo\/image\/\"},\"sameAs\":[\"https:\/\/www.facebook.com\/NDKSolutions\/\",\"https:\/\/www.instagram.com\/ndksolutions\/\"]}]}<\/script>\n<!-- \/ Yoast SEO plugin. -->","yoast_head_json":{"title":"Tietosuojaseloste - NDK Robotics","description":"Selaa tietosuojaselostettamme - Olemme sitoutuneet suojelemaan yksityisyytt\u00e4si. Lue, miten k\u00e4sittelemme tietojasi ja turvaamme ne.","robots":{"index":"index","follow":"follow","max-snippet":"max-snippet:-1","max-image-preview":"max-image-preview:large","max-video-preview":"max-video-preview:-1"},"canonical":"https:\/\/ndk-robotics.fi\/fi\/tietosuojaseloste\/","og_locale":"fi_FI","og_type":"article","og_title":"Tietosuojaseloste - NDK Robotics","og_description":"Selaa tietosuojaselostettamme - Olemme sitoutuneet suojelemaan yksityisyytt\u00e4si. Lue, miten k\u00e4sittelemme tietojasi ja turvaamme ne.","og_url":"https:\/\/ndk-robotics.fi\/fi\/tietosuojaseloste\/","og_site_name":"NDK","article_publisher":"https:\/\/www.facebook.com\/NDKSolutions\/","article_modified_time":"2023-12-13T11:34:58+00:00","twitter_card":"summary_large_image","twitter_misc":{"Arvioitu lukuaika":"2 minuuttia"},"schema":{"@context":"https:\/\/schema.org","@graph":[{"@type":"WebPage","@id":"https:\/\/ndk-robotics.fi\/fi\/tietosuojaseloste\/","url":"https:\/\/ndk-robotics.fi\/fi\/tietosuojaseloste\/","name":"Tietosuojaseloste - NDK Robotics","isPartOf":{"@id":"https:\/\/ndk-robotics.fi\/#website"},"datePublished":"2023-05-08T11:28:45+00:00","dateModified":"2023-12-13T11:34:58+00:00","description":"Selaa tietosuojaselostettamme - Olemme sitoutuneet suojelemaan yksityisyytt\u00e4si. Lue, miten k\u00e4sittelemme tietojasi ja turvaamme ne.","breadcrumb":{"@id":"https:\/\/ndk-robotics.fi\/fi\/tietosuojaseloste\/#breadcrumb"},"inLanguage":"fi","potentialAction":[{"@type":"ReadAction","target":["https:\/\/ndk-robotics.fi\/fi\/tietosuojaseloste\/"]}]},{"@type":"BreadcrumbList","@id":"https:\/\/ndk-robotics.fi\/fi\/tietosuojaseloste\/#breadcrumb","itemListElement":[{"@type":"ListItem","position":1,"name":"Etusivu","item":"https:\/\/ndk-robotics.fi\/fi\/"},{"@type":"ListItem","position":2,"name":"Tietosuojaseloste"}]},{"@type":"WebSite","@id":"https:\/\/ndk-robotics.fi\/#website","url":"https:\/\/ndk-robotics.fi\/","name":"NDK Robotics","description":"Robotar f\u00f6r industri och kontorst\u00e4dning","publisher":{"@id":"https:\/\/ndk-robotics.fi\/#organization"},"potentialAction":[{"@type":"SearchAction","target":{"@type":"EntryPoint","urlTemplate":"https:\/\/ndk-robotics.fi\/?s={search_term_string}"},"query-input":"required name=search_term_string"}],"inLanguage":"fi"},{"@type":"Organization","@id":"https:\/\/ndk-robotics.fi\/#organization","name":"NDK Solutions Ab","url":"https:\/\/ndk-robotics.fi\/","logo":{"@type":"ImageObject","inLanguage":"fi","@id":"https:\/\/ndk-robotics.fi\/#\/schema\/logo\/image\/","url":"https:\/\/ndk-robotics.fi\/wp-content\/uploads\/2023\/04\/NDK-robotics-logo-PRINT_Rityta-1-01.png","contentUrl":"https:\/\/ndk-robotics.fi\/wp-content\/uploads\/2023\/04\/NDK-robotics-logo-PRINT_Rityta-1-01.png","width":3438,"height":1973,"caption":"NDK Solutions Ab"},"image":{"@id":"https:\/\/ndk-robotics.fi\/#\/schema\/logo\/image\/"},"sameAs":["https:\/\/www.facebook.com\/NDKSolutions\/","https:\/\/www.instagram.com\/ndksolutions\/"]}]}},"taxonomy_info":[],"featured_image_src_large":false,"author_info":{"display_name":"admin","author_link":"https:\/\/ndk-robotics.fi\/fi\/author\/admin\/"},"comment_info":0,"_links":{"self":[{"href":"https:\/\/ndk-robotics.fi\/fi\/wp-json\/wp\/v2\/pages\/2998"}],"collection":[{"href":"https:\/\/ndk-robotics.fi\/fi\/wp-json\/wp\/v2\/pages"}],"about":[{"href":"https:\/\/ndk-robotics.fi\/fi\/wp-json\/wp\/v2\/types\/page"}],"author":[{"embeddable":true,"href":"https:\/\/ndk-robotics.fi\/fi\/wp-json\/wp\/v2\/users\/1"}],"replies":[{"embeddable":true,"href":"https:\/\/ndk-robotics.fi\/fi\/wp-json\/wp\/v2\/comments?post=2998"}],"version-history":[{"count":2,"href":"https:\/\/ndk-robotics.fi\/fi\/wp-json\/wp\/v2\/pages\/2998\/revisions"}],"predecessor-version":[{"id":3150,"href":"https:\/\/ndk-robotics.fi\/fi\/wp-json\/wp\/v2\/pages\/2998\/revisions\/3150"}],"wp:attachment":[{"href":"https:\/\/ndk-robotics.fi\/fi\/wp-json\/wp\/v2\/media?parent=2998"}],"curies":[{"name":"wp","href":"https:\/\/api.w.org\/{rel}","templated":true}]}}